{"id":4957,"date":"2023-03-19T02:55:37","date_gmt":"2023-03-19T01:55:37","guid":{"rendered":"https:\/\/www.hotelcolor.sk\/news\/"},"modified":"2025-03-24T21:06:04","modified_gmt":"2025-03-24T20:06:04","slug":"news","status":"publish","type":"page","link":"https:\/\/www.hotelcolor.es\/en\/news\/","title":{"rendered":"News"},"content":{"rendered":"\t\t<div data-elementor-type=\"wp-page\" data-elementor-id=\"4957\" class=\"elementor elementor-4957 elementor-783\" data-elementor-post-type=\"page\">\n\t\t\t\t\t\t\t\t\t<section class=\"elementor-section elementor-top-section elementor-element elementor-element-51b883a elementor-section-height-min-height cs-section-content-fullwidth cs-parallax-on-scroll cs_scroll_y_100 elementor-section-boxed elementor-section-height-default elementor-section-items-middle\" data-id=\"51b883a\" data-element_type=\"section\" data-settings=\"{&quot;background_background&quot;:&quot;classic&quot;}\" data-cs-parallax-y=\"100\" style=\"background-image: none;\" data-cs-background-image=\"https:\/\/www.hotelcolor.es\/wp-content\/uploads\/2023\/05\/siravitplug-MhPJdWYWbWI-unsplash-2.jpg\">\n\t\t\t\t\t\t<div class=\"elementor-container elementor-column-gap-no\">\n\t\t\t\t\t<div class=\"elementor-column elementor-col-100 elementor-top-column elementor-element elementor-element-f8603f5 dark-color\" data-id=\"f8603f5\" data-element_type=\"column\">\n\t\t\t<div class=\"elementor-widget-wrap elementor-element-populated\">\n\t\t\t\t\t\t\t\t<div class=\"elementor-element elementor-element-5638ee6 elementor-widget elementor-widget-cs_title\" data-id=\"5638ee6\" data-element_type=\"widget\" data-widget_type=\"cs_title.default\">\n\t\t\t\t<div class=\"elementor-widget-container\">\n\t\t\t\n        <div class=\"cs-title-wrap text-center\">\t            <div class=\"cs-subtitle-wrap\"><span class=\"cs-subtitle color-white\">Latest News &amp; Blog<\/span><\/div>\t            <h1 class=\"cs-title\">\n\t                Our News\t            <\/h1>        <\/div>\t\t<\/div>\n\t\t\t\t<\/div>\n\t\t\t\t\t<\/div>\n\t\t<\/div>\n\t\t\t\t\t\t\t<\/div>\n\t\t<\/section>\n\t\t\t\t<section class=\"elementor-section elementor-top-section elementor-element elementor-element-4d98f40 elementor-section-boxed elementor-section-height-default elementor-section-height-default\" data-id=\"4d98f40\" data-element_type=\"section\">\n\t\t\t\t\t\t<div class=\"elementor-container elementor-column-gap-no\">\n\t\t\t\t\t<div class=\"elementor-column elementor-col-100 elementor-top-column elementor-element elementor-element-a58b2d7\" data-id=\"a58b2d7\" data-element_type=\"column\">\n\t\t\t<div class=\"elementor-widget-wrap elementor-element-populated\">\n\t\t\t\t\t\t\t\t<div class=\"elementor-element elementor-element-03caef0 elementor-widget elementor-widget-cs_blog\" data-id=\"03caef0\" data-element_type=\"widget\" data-widget_type=\"cs_blog.default\">\n\t\t\t\t<div class=\"elementor-widget-container\">\n\t\t\t\t\t\t\t<div class=\"posts layout-zigzag layout-list img-ratio-3-2 with-border\">\n\t\t\t\t\t\t\t\t\t<div class=\"posts-wrapper\">\n<article class=\"post-5034 post type-post status-publish format-standard has-post-thumbnail hentry category-news-en\">\n            <div class=\"featured-img\">\n        \t<a href=\"https:\/\/www.hotelcolor.es\/en\/how-to-color-yourself-not-only-in-a-good-light-but-also-in-the-kitchen\/\"><img fetchpriority=\"high\" decoding=\"async\" width=\"780\" height=\"585\" src=\"https:\/\/www.hotelcolor.es\/wp-content\/uploads\/2024\/01\/kitcheeen-780x585.jpg\" class=\"attachment-cozystay_780x9999 size-cozystay_780x9999 wp-post-image\" alt=\"\" srcset=\"https:\/\/www.hotelcolor.es\/wp-content\/uploads\/2024\/01\/kitcheeen-780x585.jpg 780w, https:\/\/www.hotelcolor.es\/wp-content\/uploads\/2024\/01\/kitcheeen-300x225.jpg 300w, https:\/\/www.hotelcolor.es\/wp-content\/uploads\/2024\/01\/kitcheeen-768x576.jpg 768w, https:\/\/www.hotelcolor.es\/wp-content\/uploads\/2024\/01\/kitcheeen-600x450.jpg 600w, https:\/\/www.hotelcolor.es\/wp-content\/uploads\/2024\/01\/kitcheeen-550x413.jpg 550w, https:\/\/www.hotelcolor.es\/wp-content\/uploads\/2024\/01\/kitcheeen-370x278.jpg 370w, https:\/\/www.hotelcolor.es\/wp-content\/uploads\/2024\/01\/kitcheeen-255x191.jpg 255w, https:\/\/www.hotelcolor.es\/wp-content\/uploads\/2024\/01\/kitcheeen.jpg 1024w\" sizes=\"(max-width: 780px) 100vw, 780px\" \/><\/a>            <div class=\"overlay-label time-label featured-style\">\n                <div class=\"meta-item time\">\n                    <time class=\"published\" datetime=\"2024-01-29T15:21:33+01:00\">\n                        <span class=\"month\">Jan<\/span> <span class=\"day\">29<\/span>\n                    <\/time>\n                <\/div>\n            <\/div>        <\/div>\n\t<div class=\"post-content\">\n\t\t<header class=\"post-header\">            <div class=\"meta-wrap\">\t\t\t<div class=\"cat-links\"><a href=\"https:\/\/www.hotelcolor.es\/en\/category\/news-en\/\" rel=\"tag\">News<\/a><\/div>            <\/div>    <h2 class=\"post-title\">\n        <a href=\"https:\/\/www.hotelcolor.es\/en\/how-to-color-yourself-not-only-in-a-good-light-but-also-in-the-kitchen\/\">How to color yourself not only in a good light, but also in the kitchen?<\/a>\n    <\/h2>\t\t<\/header>\t\t<div class=\"post-excerpt\"><p>Hotel Color has instructions on how to prepare varied and high-quality meals. Cooking is an art that makes our lives tasty, sometimes sweet, sometimes savoury &#8230;<\/p>\n<\/div>             <footer class=\"post-footer\">        <div class=\"more-btn\">\n            <a class=\"read-more-btn button cs-btn-underline\" href=\"https:\/\/www.hotelcolor.es\/en\/how-to-color-yourself-not-only-in-a-good-light-but-also-in-the-kitchen\/\"><span>Read More<\/span><\/a>\n        <\/div>            <\/footer>\t<\/div>\n<\/article>\n\n<article class=\"post-5039 post type-post status-publish format-standard has-post-thumbnail hentry category-news-en\">\n            <div class=\"featured-img\">\n        \t<a href=\"https:\/\/www.hotelcolor.es\/en\/colour-your-stay-or-how-colours-affect-people\/\"><img decoding=\"async\" width=\"780\" height=\"585\" src=\"https:\/\/www.hotelcolor.es\/wp-content\/uploads\/2024\/01\/maill-780x585.jpg\" class=\"attachment-cozystay_780x9999 size-cozystay_780x9999 wp-post-image\" alt=\"\" srcset=\"https:\/\/www.hotelcolor.es\/wp-content\/uploads\/2024\/01\/maill-780x585.jpg 780w, https:\/\/www.hotelcolor.es\/wp-content\/uploads\/2024\/01\/maill-300x225.jpg 300w, https:\/\/www.hotelcolor.es\/wp-content\/uploads\/2024\/01\/maill-768x576.jpg 768w, https:\/\/www.hotelcolor.es\/wp-content\/uploads\/2024\/01\/maill-600x450.jpg 600w, https:\/\/www.hotelcolor.es\/wp-content\/uploads\/2024\/01\/maill-550x413.jpg 550w, https:\/\/www.hotelcolor.es\/wp-content\/uploads\/2024\/01\/maill-370x278.jpg 370w, https:\/\/www.hotelcolor.es\/wp-content\/uploads\/2024\/01\/maill-255x191.jpg 255w, https:\/\/www.hotelcolor.es\/wp-content\/uploads\/2024\/01\/maill.jpg 1024w\" sizes=\"(max-width: 780px) 100vw, 780px\" \/><\/a>            <div class=\"overlay-label time-label featured-style\">\n                <div class=\"meta-item time\">\n                    <time class=\"published\" datetime=\"2024-01-23T23:53:15+01:00\">\n                        <span class=\"month\">Jan<\/span> <span class=\"day\">23<\/span>\n                    <\/time>\n                <\/div>\n            <\/div>        <\/div>\n\t<div class=\"post-content\">\n\t\t<header class=\"post-header\">            <div class=\"meta-wrap\">\t\t\t<div class=\"cat-links\"><a href=\"https:\/\/www.hotelcolor.es\/en\/category\/news-en\/\" rel=\"tag\">News<\/a><\/div>            <\/div>    <h2 class=\"post-title\">\n        <a href=\"https:\/\/www.hotelcolor.es\/en\/colour-your-stay-or-how-colours-affect-people\/\">Colour your stay or how colours affect people<\/a>\n    <\/h2>\t\t<\/header>\t\t<div class=\"post-excerpt\"><p>If we picked up a colour palette and asked you which colour you like best, you might say yellow, maybe green and maybe purple. Everyone &#8230;<\/p>\n<\/div>             <footer class=\"post-footer\">        <div class=\"more-btn\">\n            <a class=\"read-more-btn button cs-btn-underline\" href=\"https:\/\/www.hotelcolor.es\/en\/colour-your-stay-or-how-colours-affect-people\/\"><span>Read More<\/span><\/a>\n        <\/div>            <\/footer>\t<\/div>\n<\/article>\n\n<article class=\"post-5036 post type-post status-publish format-standard has-post-thumbnail hentry category-news-en\">\n            <div class=\"featured-img\">\n        \t<a href=\"https:\/\/www.hotelcolor.es\/en\/blue-is-the-most-beautiful-colour-of-summer\/\"><img decoding=\"async\" width=\"768\" height=\"576\" src=\"https:\/\/www.hotelcolor.es\/wp-content\/uploads\/2023\/04\/2_2_maill-768x576-1.jpg\" class=\"attachment-cozystay_780x9999 size-cozystay_780x9999 wp-post-image\" alt=\"\" srcset=\"https:\/\/www.hotelcolor.es\/wp-content\/uploads\/2023\/04\/2_2_maill-768x576-1.jpg 768w, https:\/\/www.hotelcolor.es\/wp-content\/uploads\/2023\/04\/2_2_maill-768x576-1-300x225.jpg 300w, https:\/\/www.hotelcolor.es\/wp-content\/uploads\/2023\/04\/2_2_maill-768x576-1-600x450.jpg 600w, https:\/\/www.hotelcolor.es\/wp-content\/uploads\/2023\/04\/2_2_maill-768x576-1-550x413.jpg 550w, https:\/\/www.hotelcolor.es\/wp-content\/uploads\/2023\/04\/2_2_maill-768x576-1-370x278.jpg 370w, https:\/\/www.hotelcolor.es\/wp-content\/uploads\/2023\/04\/2_2_maill-768x576-1-255x191.jpg 255w\" sizes=\"(max-width: 768px) 100vw, 768px\" \/><\/a>            <div class=\"overlay-label time-label featured-style\">\n                <div class=\"meta-item time\">\n                    <time class=\"published\" datetime=\"2023-04-26T08:50:29+02:00\">\n                        <span class=\"month\">Apr<\/span> <span class=\"day\">26<\/span>\n                    <\/time>\n                <\/div>\n            <\/div>        <\/div>\n\t<div class=\"post-content\">\n\t\t<header class=\"post-header\">            <div class=\"meta-wrap\">\t\t\t<div class=\"cat-links\"><a href=\"https:\/\/www.hotelcolor.es\/en\/category\/news-en\/\" rel=\"tag\">News<\/a><\/div>            <\/div>    <h2 class=\"post-title\">\n        <a href=\"https:\/\/www.hotelcolor.es\/en\/blue-is-the-most-beautiful-colour-of-summer\/\">Blue is the most beautiful colour of summer<\/a>\n    <\/h2>\t\t<\/header>\t\t<div class=\"post-excerpt\"><p>Summer is generally charged with positive energy, the smell of ripening fruit and the most beautiful vibrant colours. So why is blue the most beautiful &#8230;<\/p>\n<\/div>             <footer class=\"post-footer\">        <div class=\"more-btn\">\n            <a class=\"read-more-btn button cs-btn-underline\" href=\"https:\/\/www.hotelcolor.es\/en\/blue-is-the-most-beautiful-colour-of-summer\/\"><span>Read More<\/span><\/a>\n        <\/div>            <\/footer>\t<\/div>\n<\/article>\n\t\t\t\t<\/div>\t\t\t\t<\/div>\t\t<\/div>\n\t\t\t\t<\/div>\n\t\t\t\t\t<\/div>\n\t\t<\/div>\n\t\t\t\t\t\t\t<\/div>\n\t\t<\/section>\n\t\t\t\t\t\t\t<\/div>\n\t\t","protected":false},"excerpt":{"rendered":"<p>Latest News &amp; Blog Our News jan 29 Novinky Ako sa vyfarbi\u0165 nielen v dobrom svetle, ale aj v kuchyni? Hotel Color m\u00e1 n\u00e1vod, ako pripravova\u0165 pestr\u00e9 a kvalitn\u00e9 jedl\u00e1. Varenie je umenie, ktor\u00e9 rob\u00ed n\u00e1\u0161 \u017eivot chutn\u00fdm, niekedy sladk\u00fdm, inokedy slan\u00fdm a&nbsp;sem tam aj &#8230; \u010c\u00edtajte viac jan 23 Novinky Color your stay alebo &#8230;<\/p>\n","protected":false},"author":1,"featured_media":0,"parent":0,"menu_order":0,"comment_status":"closed","ping_status":"closed","template":"template-wide-content.php","meta":{"cozystay_single_page_hide_site_header":"","cozystay_single_page_site_header_source":"","cozystay_single_page_custom_site_header":"0","cozystay_single_page_custom_sticky_site_header":"0","cozystay_single_page_hide_page_title":"","cozystay_single_page_header_section_size":"","cozystay_single_page_header_background_color":"","cozystay_single_page_header_background_position_x":"center","cozystay_single_page_header_background_position_y":"center","cozystay_single_page_header_background_size":"cover","cozystay_single_page_header_background_repeat":"off","cozystay_single_page_header_background_scroll":"on","cozystay_single_page_header_text_color":"","cozystay_single_page_header_show_breadcrumb":"","cozystay_single_page_site_footer_hide_main":"","cozystay_single_custom_site_footer_main_source":"","cozystay_single_custom_site_footer_main":"0","cozystay_single_page_site_footer_hide_above":"","cozystay_single_custom_site_footer_above_source":"","cozystay_single_custom_site_footer_above":"0","cozystay_single_page_site_footer_hide_instagram":"","cozystay_single_page_site_footer_hide_bottom":"","cozystay_single_custom_mobile_menu_source":"","cozystay_single_custom_mobile_menu":"0","cozystay_single_custom_mobile_menu_animation":"","cozystay_single_custom_mobile_menu_width":"","cozystay_single_custom_mobile_menu_custom_width":375,"footnotes":""},"class_list":["post-4957","page","type-page","status-publish","hentry"],"yoast_head":"<!-- This site is optimized with the Yoast SEO plugin v21.9 - https:\/\/yoast.com\/wordpress\/plugins\/seo\/ -->\n<title>News - hotel color<\/title>\n<meta name=\"robots\" content=\"index, follow, max-snippet:-1, max-image-preview:large, max-video-preview:-1\" \/>\n<link rel=\"canonical\" href=\"https:\/\/www.hotelcolor.es\/en\/news\/\" \/>\n<meta property=\"og:locale\" content=\"en_US\" \/>\n<meta property=\"og:type\" content=\"article\" \/>\n<meta property=\"og:title\" content=\"News - hotel color\" \/>\n<meta property=\"og:description\" content=\"Latest News &amp; Blog Our News jan 29 Novinky Ako sa vyfarbi\u0165 nielen v dobrom svetle, ale aj v kuchyni? Hotel Color m\u00e1 n\u00e1vod, ako pripravova\u0165 pestr\u00e9 a kvalitn\u00e9 jedl\u00e1. Varenie je umenie, ktor\u00e9 rob\u00ed n\u00e1\u0161 \u017eivot chutn\u00fdm, niekedy sladk\u00fdm, inokedy slan\u00fdm a&nbsp;sem tam aj &#8230; \u010c\u00edtajte viac jan 23 Novinky Color your stay alebo ...\" \/>\n<meta property=\"og:url\" content=\"https:\/\/www.hotelcolor.es\/en\/news\/\" \/>\n<meta property=\"og:site_name\" content=\"hotel color\" \/>\n<meta property=\"article:modified_time\" content=\"2025-03-24T20:06:04+00:00\" \/>\n<meta property=\"og:image\" content=\"https:\/\/www.hotelcolor.es\/wp-content\/uploads\/2024\/01\/kitcheeen-780x585.jpg\" \/>\n<meta name=\"twitter:card\" content=\"summary_large_image\" \/>\n<meta name=\"twitter:label1\" content=\"Est. reading time\" \/>\n\t<meta name=\"twitter:data1\" content=\"1 minute\" \/>\n<script type=\"application\/ld+json\" class=\"yoast-schema-graph\">{\"@context\":\"https:\/\/schema.org\",\"@graph\":[{\"@type\":\"WebPage\",\"@id\":\"https:\/\/www.hotelcolor.es\/en\/news\/\",\"url\":\"https:\/\/www.hotelcolor.es\/en\/news\/\",\"name\":\"News - hotel color\",\"isPartOf\":{\"@id\":\"https:\/\/www.hotelcolor.es\/en\/#website\"},\"datePublished\":\"2023-03-19T01:55:37+00:00\",\"dateModified\":\"2025-03-24T20:06:04+00:00\",\"breadcrumb\":{\"@id\":\"https:\/\/www.hotelcolor.es\/en\/news\/#breadcrumb\"},\"inLanguage\":\"en-US\",\"potentialAction\":[{\"@type\":\"ReadAction\",\"target\":[\"https:\/\/www.hotelcolor.es\/en\/news\/\"]}]},{\"@type\":\"BreadcrumbList\",\"@id\":\"https:\/\/www.hotelcolor.es\/en\/news\/#breadcrumb\",\"itemListElement\":[{\"@type\":\"ListItem\",\"position\":1,\"name\":\"Home\",\"item\":\"https:\/\/www.hotelcolor.es\/en\/\"},{\"@type\":\"ListItem\",\"position\":2,\"name\":\"News\"}]},{\"@type\":\"WebSite\",\"@id\":\"https:\/\/www.hotelcolor.es\/en\/#website\",\"url\":\"https:\/\/www.hotelcolor.es\/en\/\",\"name\":\"hotel color\",\"description\":\"\",\"publisher\":{\"@id\":\"https:\/\/www.hotelcolor.es\/en\/#organization\"},\"potentialAction\":[{\"@type\":\"SearchAction\",\"target\":{\"@type\":\"EntryPoint\",\"urlTemplate\":\"https:\/\/www.hotelcolor.es\/en\/?s={search_term_string}\"},\"query-input\":\"required name=search_term_string\"}],\"inLanguage\":\"en-US\"},{\"@type\":\"Organization\",\"@id\":\"https:\/\/www.hotelcolor.es\/en\/#organization\",\"name\":\"hotel color\",\"url\":\"https:\/\/www.hotelcolor.es\/en\/\",\"logo\":{\"@type\":\"ImageObject\",\"inLanguage\":\"en-US\",\"@id\":\"https:\/\/www.hotelcolor.es\/en\/#\/schema\/logo\/image\/\",\"url\":\"https:\/\/www.hotelcolor.es\/wp-content\/uploads\/2023\/03\/logo-3-1.png\",\"contentUrl\":\"https:\/\/www.hotelcolor.es\/wp-content\/uploads\/2023\/03\/logo-3-1.png\",\"width\":457,\"height\":91,\"caption\":\"hotel color\"},\"image\":{\"@id\":\"https:\/\/www.hotelcolor.es\/en\/#\/schema\/logo\/image\/\"}}]}<\/script>\n<!-- \/ Yoast SEO plugin. -->","yoast_head_json":{"title":"News - hotel color","robots":{"index":"index","follow":"follow","max-snippet":"max-snippet:-1","max-image-preview":"max-image-preview:large","max-video-preview":"max-video-preview:-1"},"canonical":"https:\/\/www.hotelcolor.es\/en\/news\/","og_locale":"en_US","og_type":"article","og_title":"News - hotel color","og_description":"Latest News &amp; Blog Our News jan 29 Novinky Ako sa vyfarbi\u0165 nielen v dobrom svetle, ale aj v kuchyni? Hotel Color m\u00e1 n\u00e1vod, ako pripravova\u0165 pestr\u00e9 a kvalitn\u00e9 jedl\u00e1. Varenie je umenie, ktor\u00e9 rob\u00ed n\u00e1\u0161 \u017eivot chutn\u00fdm, niekedy sladk\u00fdm, inokedy slan\u00fdm a&nbsp;sem tam aj &#8230; \u010c\u00edtajte viac jan 23 Novinky Color your stay alebo ...","og_url":"https:\/\/www.hotelcolor.es\/en\/news\/","og_site_name":"hotel color","article_modified_time":"2025-03-24T20:06:04+00:00","og_image":[{"url":"https:\/\/www.hotelcolor.es\/wp-content\/uploads\/2024\/01\/kitcheeen-780x585.jpg"}],"twitter_card":"summary_large_image","twitter_misc":{"Est. reading time":"1 minute"},"schema":{"@context":"https:\/\/schema.org","@graph":[{"@type":"WebPage","@id":"https:\/\/www.hotelcolor.es\/en\/news\/","url":"https:\/\/www.hotelcolor.es\/en\/news\/","name":"News - hotel color","isPartOf":{"@id":"https:\/\/www.hotelcolor.es\/en\/#website"},"datePublished":"2023-03-19T01:55:37+00:00","dateModified":"2025-03-24T20:06:04+00:00","breadcrumb":{"@id":"https:\/\/www.hotelcolor.es\/en\/news\/#breadcrumb"},"inLanguage":"en-US","potentialAction":[{"@type":"ReadAction","target":["https:\/\/www.hotelcolor.es\/en\/news\/"]}]},{"@type":"BreadcrumbList","@id":"https:\/\/www.hotelcolor.es\/en\/news\/#breadcrumb","itemListElement":[{"@type":"ListItem","position":1,"name":"Home","item":"https:\/\/www.hotelcolor.es\/en\/"},{"@type":"ListItem","position":2,"name":"News"}]},{"@type":"WebSite","@id":"https:\/\/www.hotelcolor.es\/en\/#website","url":"https:\/\/www.hotelcolor.es\/en\/","name":"hotel color","description":"","publisher":{"@id":"https:\/\/www.hotelcolor.es\/en\/#organization"},"potentialAction":[{"@type":"SearchAction","target":{"@type":"EntryPoint","urlTemplate":"https:\/\/www.hotelcolor.es\/en\/?s={search_term_string}"},"query-input":"required name=search_term_string"}],"inLanguage":"en-US"},{"@type":"Organization","@id":"https:\/\/www.hotelcolor.es\/en\/#organization","name":"hotel color","url":"https:\/\/www.hotelcolor.es\/en\/","logo":{"@type":"ImageObject","inLanguage":"en-US","@id":"https:\/\/www.hotelcolor.es\/en\/#\/schema\/logo\/image\/","url":"https:\/\/www.hotelcolor.es\/wp-content\/uploads\/2023\/03\/logo-3-1.png","contentUrl":"https:\/\/www.hotelcolor.es\/wp-content\/uploads\/2023\/03\/logo-3-1.png","width":457,"height":91,"caption":"hotel color"},"image":{"@id":"https:\/\/www.hotelcolor.es\/en\/#\/schema\/logo\/image\/"}}]}},"_links":{"self":[{"href":"https:\/\/www.hotelcolor.es\/en\/wp-json\/wp\/v2\/pages\/4957","targetHints":{"allow":["GET"]}}],"collection":[{"href":"https:\/\/www.hotelcolor.es\/en\/wp-json\/wp\/v2\/pages"}],"about":[{"href":"https:\/\/www.hotelcolor.es\/en\/wp-json\/wp\/v2\/types\/page"}],"author":[{"embeddable":true,"href":"https:\/\/www.hotelcolor.es\/en\/wp-json\/wp\/v2\/users\/1"}],"replies":[{"embeddable":true,"href":"https:\/\/www.hotelcolor.es\/en\/wp-json\/wp\/v2\/comments?post=4957"}],"version-history":[{"count":1,"href":"https:\/\/www.hotelcolor.es\/en\/wp-json\/wp\/v2\/pages\/4957\/revisions"}],"predecessor-version":[{"id":4959,"href":"https:\/\/www.hotelcolor.es\/en\/wp-json\/wp\/v2\/pages\/4957\/revisions\/4959"}],"wp:attachment":[{"href":"https:\/\/www.hotelcolor.es\/en\/wp-json\/wp\/v2\/media?parent=4957"}],"curies":[{"name":"wp","href":"https:\/\/api.w.org\/{rel}","templated":true}]}}